{"id":771,"date":"2026-03-17T14:37:21","date_gmt":"2026-03-17T12:37:21","guid":{"rendered":"https:\/\/www.zrlaks.com\/?page_id=771"},"modified":"2026-03-17T15:23:56","modified_gmt":"2026-03-17T13:23:56","slug":"plemenski-zrebci","status":"publish","type":"page","link":"https:\/\/www.zrlaks.com\/?page_id=771","title":{"rendered":"Plemenski \u017erebci 2026"},"content":{"rendered":"\n<p>Spodaj najdete aktualen seznam licenciranih \u017erebcev, ki so vpisani v Knjigo \u017erebcev. \u017drebci, ki so v postopku licenciranja bodo na seznamu takoj, ko bodo imeli izpolnjene vse pogoje za pridobitev licence. <\/p>\n\n\n\n<figure class=\"wp-block-table\"><table><tbody><tr><td>Ime \u017erebca<\/td><td>Barva<\/td><td>Roj.<\/td><td>Pasma<\/td><td>Lastnik<\/td><\/tr><tr><td>417 Kublaij El Gaug<\/td><td>vranec<\/td><td>2002<\/td><td>polnokrvni arabec&nbsp;&nbsp;&nbsp;&nbsp;&nbsp;&nbsp;&nbsp;&nbsp;&nbsp;&nbsp;&nbsp;&nbsp;<\/td><td>Rok Kalan<\/td><\/tr><tr><td>457 Malak<\/td><td>rjavec<\/td><td>2007<\/td><td>polnokrvni arabec&nbsp;&nbsp;&nbsp;&nbsp;&nbsp;&nbsp;&nbsp;&nbsp;&nbsp;&nbsp;&nbsp;&nbsp;<\/td><td>Eva Urevc<\/td><\/tr><tr><td>463 Nagelj Z<\/td><td>lisi\u010dji sivec<\/td><td>2011<\/td><td>polnokrvni arabec&nbsp;&nbsp;&nbsp;&nbsp;&nbsp;&nbsp;&nbsp;&nbsp;&nbsp;&nbsp;&nbsp;&nbsp;<\/td><td>Marjan Zupan\u010di\u010d<\/td><\/tr><tr><td>465 Jamil Ibn Shaklan P<\/td><td>rjavec<\/td><td>2010<\/td><td>polnokrvni arabec&nbsp;&nbsp;&nbsp;&nbsp;&nbsp;&nbsp;&nbsp;&nbsp;&nbsp;&nbsp;&nbsp;&nbsp;<\/td><td>Gregor Pintar<\/td><\/tr><tr><td>469 Al Habib<\/td><td>\u010drnkasti rjavec<\/td><td>2009<\/td><td>polnokrvni arabec&nbsp;&nbsp;&nbsp;&nbsp;&nbsp;&nbsp;&nbsp;&nbsp;&nbsp;&nbsp;&nbsp;&nbsp;<\/td><td>Tadej Dijak<\/td><\/tr><tr><td>478 Classic Jamaal<\/td><td>\u010drnkasti rjavec<\/td><td>2012<\/td><td>polnokrvni arabec&nbsp;&nbsp;&nbsp;&nbsp;&nbsp;&nbsp;&nbsp;&nbsp;&nbsp;&nbsp;&nbsp;&nbsp;<\/td><td>Rok Kalan<\/td><\/tr><tr><td>480 Sharif Sultan<\/td><td>rjavec<\/td><td>2006<\/td><td>polnokrvni arabec&nbsp;&nbsp;&nbsp;&nbsp;&nbsp;&nbsp;&nbsp;&nbsp;&nbsp;&nbsp;&nbsp;&nbsp;<\/td><td>Metod Drole<\/td><\/tr><tr><td>489 Gilly J<\/td><td>sivec<\/td><td>2001<\/td><td>polnokrvni arabec&nbsp;&nbsp;&nbsp;&nbsp;&nbsp;&nbsp;&nbsp;&nbsp;&nbsp;&nbsp;&nbsp;&nbsp;<\/td><td>Marko Vran\u010di\u010d<\/td><\/tr><tr><td>492 GR Shatir<\/td><td>vranec<\/td><td>2007<\/td><td>polnokrvni arabec&nbsp;&nbsp;&nbsp;&nbsp;&nbsp;&nbsp;&nbsp;&nbsp;&nbsp;&nbsp;&nbsp;&nbsp;<\/td><td>Toma\u017e Megli\u010d<\/td><\/tr><tr><td>508 Gazal Z<\/td><td>temna lisi\u010dja siva<\/td><td>2012<\/td><td>polnokrvni arabec&nbsp;&nbsp;&nbsp;&nbsp;&nbsp;&nbsp;&nbsp;&nbsp;&nbsp;&nbsp;&nbsp;&nbsp;<\/td><td>Karin Kranjc<\/td><\/tr><tr><td>525 Albedo<\/td><td>temni rjavec<\/td><td>2006<\/td><td>polnokrvni arabec&nbsp;&nbsp;&nbsp;&nbsp;&nbsp;&nbsp;&nbsp;&nbsp;&nbsp;&nbsp;&nbsp;&nbsp;<\/td><td>Marko Vran\u010di\u010d<\/td><\/tr><tr><td>526 Fakir Ibn Bukefal<\/td><td>sivec<\/td><td>2014<\/td><td>polnokrvni arabec&nbsp;&nbsp;&nbsp;&nbsp;&nbsp;&nbsp;&nbsp;&nbsp;&nbsp;&nbsp;&nbsp;&nbsp;<\/td><td>Peter Po\u017ear<\/td><\/tr><tr><td>533 Aman<\/td><td>lisjak<\/td><td>2012<\/td><td>arabec<\/td><td>Ervin Marn<\/td><\/tr><tr><td>536 Konrosso<\/td><td>rjavec<\/td><td>2014<\/td><td>polnokrvni arabec&nbsp;&nbsp;&nbsp;&nbsp;&nbsp;&nbsp;&nbsp;&nbsp;&nbsp;&nbsp;&nbsp;&nbsp;<\/td><td>Sa\u0161a Muti\u0107<\/td><\/tr><tr><td>537 Fatah Ibn Faleeh<\/td><td>vranec<\/td><td>2010<\/td><td>polnokrvni arabec&nbsp;&nbsp;&nbsp;&nbsp;&nbsp;&nbsp;&nbsp;&nbsp;&nbsp;&nbsp;&nbsp;&nbsp;<\/td><td>Bojan Zagorc<\/td><\/tr><tr><td>547 Koheilan Mabrouk<\/td><td>lisi\u010dji sivec<\/td><td>2017<\/td><td>arabec<\/td><td>Mitja Jager<\/td><\/tr><tr><td>555 Shah Ibn Shatir<\/td><td>vrani sivec<\/td><td>2018<\/td><td>polnokrvni arabec&nbsp;&nbsp;&nbsp;&nbsp;&nbsp;&nbsp;&nbsp;&nbsp;&nbsp;&nbsp;&nbsp;&nbsp;<\/td><td>Branko Peternel<\/td><\/tr><tr><td>558 Lamaan<\/td><td>\u010drnkasti rjavec<\/td><td>2010<\/td><td>polnokrvni arabec&nbsp;&nbsp;&nbsp;&nbsp;&nbsp;&nbsp;&nbsp;&nbsp;&nbsp;&nbsp;&nbsp;&nbsp;<\/td><td>Ga\u0161per Me\u017enarec<\/td><\/tr><tr><td>560 El Monter Jr<\/td><td>kostanjevec<\/td><td>2020<\/td><td>polnokrvni arabec&nbsp;&nbsp;&nbsp;&nbsp;&nbsp;&nbsp;&nbsp;&nbsp;&nbsp;&nbsp;&nbsp;&nbsp;<\/td><td>Jure Gruba\u010devi\u0107<\/td><\/tr><tr><td>561 Sabir L<\/td><td>lisjak<\/td><td>2021<\/td><td>polnokrvni arabec&nbsp;&nbsp;&nbsp;&nbsp;&nbsp;&nbsp;&nbsp;&nbsp;&nbsp;&nbsp;&nbsp;&nbsp;<\/td><td>Bojan \u0160ori<\/td><\/tr><\/tbody><\/table><\/figure>\n","protected":false},"excerpt":{"rendered":"<p>Spodaj najdete aktualen seznam licenciranih \u017erebcev, ki so vpisani v Knjigo \u017erebcev. \u017drebci, ki so v postopku licenciranja bodo na seznamu takoj, ko bodo imeli izpolnjene vse pogoje za pridobitev licence. Ime \u017erebca Barva Roj. Pasma Lastnik 417 Kublaij El Gaug vranec 2002 polnokrvni arabec&nbsp;&nbsp;&nbsp;&nbsp;&nbsp;&nbsp;&nbsp;&nbsp;&nbsp;&nbsp;&nbsp;&nbsp; Rok Kalan 457 Malak rjavec 2007 polnokrvni arabec&nbsp;&nbsp;&nbsp;&nbsp;&nbsp;&nbsp;&nbsp;&nbsp;&nbsp;&nbsp;&nbsp;&nbsp; Eva Urevc &hellip; <\/p>\n<p class=\"link-more\"><a href=\"https:\/\/www.zrlaks.com\/?page_id=771\" class=\"more-link\">Continue reading<span class=\"screen-reader-text\"> &#8220;Plemenski \u017erebci 2026&#8221;<\/span><\/a><\/p>\n","protected":false},"author":1,"featured_media":496,"parent":0,"menu_order":0,"comment_status":"closed","ping_status":"closed","template":"","meta":{"footnotes":""},"class_list":["post-771","page","type-page","status-publish","has-post-thumbnail","hentry"],"_links":{"self":[{"href":"https:\/\/www.zrlaks.com\/index.php?rest_route=\/wp\/v2\/pages\/771","targetHints":{"allow":["GET"]}}],"collection":[{"href":"https:\/\/www.zrlaks.com\/index.php?rest_route=\/wp\/v2\/pages"}],"about":[{"href":"https:\/\/www.zrlaks.com\/index.php?rest_route=\/wp\/v2\/types\/page"}],"author":[{"embeddable":true,"href":"https:\/\/www.zrlaks.com\/index.php?rest_route=\/wp\/v2\/users\/1"}],"replies":[{"embeddable":true,"href":"https:\/\/www.zrlaks.com\/index.php?rest_route=%2Fwp%2Fv2%2Fcomments&post=771"}],"version-history":[{"count":5,"href":"https:\/\/www.zrlaks.com\/index.php?rest_route=\/wp\/v2\/pages\/771\/revisions"}],"predecessor-version":[{"id":780,"href":"https:\/\/www.zrlaks.com\/index.php?rest_route=\/wp\/v2\/pages\/771\/revisions\/780"}],"wp:featuredmedia":[{"embeddable":true,"href":"https:\/\/www.zrlaks.com\/index.php?rest_route=\/wp\/v2\/media\/496"}],"wp:attachment":[{"href":"https:\/\/www.zrlaks.com\/index.php?rest_route=%2Fwp%2Fv2%2Fmedia&parent=771"}],"curies":[{"name":"wp","href":"https:\/\/api.w.org\/{rel}","templated":true}]}}