{"id":671,"date":"2026-02-24T21:08:00","date_gmt":"2026-02-24T19:08:00","guid":{"rendered":"https:\/\/www.zrlaks.com\/?page_id=671"},"modified":"2026-03-12T21:56:07","modified_gmt":"2026-03-12T19:56:07","slug":"rejski-program","status":"publish","type":"page","link":"https:\/\/www.zrlaks.com\/?page_id=671","title":{"rendered":"REJSKI PROGRAM"},"content":{"rendered":"\n<p>Konec 2025 smo sprejeli dva rejska programa za pasmo POLNOKRNI ARABSKI KONJ in ARABSKI KONJ. Ve\u010d o omenjenih programih, si lahko preberete spodaj.<\/p>\n\n\n\n<p class=\"has-black-color has-cyan-bluish-gray-background-color has-text-color has-background has-link-color wp-elements-af2be806bb0160e1fac472b0413ad7aa\">Rejski program za pasmo &#8211; ARABSKI POLNOKRVNI KONJ<\/p>\n\n\n\n<p>Organizacija, ki vodi izvorno rodovni\u0161ko knjigo arabskih polnokrvnih konj se imenuje WAHO &#8211; The World Arabian Horse Organization, z naslovom v Newbarn Farmhouse, Forthampton,Glouchestershire,GL19 4QD, United Kingdom.<\/p>\n\n\n\n<p class=\"has-text-align-left\">Odobreni rejski program za pasmo arabski polnokrvni konj na podro\u010dju Slovenije izvaja pravna oseba Zdru\u017eenje rejcev in ljubiteljev arabskih konj Slovenije (v nadaljevanju ZRLAKS) v skladu z na\u010deli, ki jih postavlja izvorna rejska organizacija ter v skladu z uredbo (EU) 2016\/1012-Uredba o reji \u017eivali in Uredbo o izvajanju uredbe EU o reji \u017eivali (Uradni list \u0161t. 59\/18). Dolo\u010dila rejskega programa in vodenje rodovni\u0161ke knjige je usklajeno s pravili in na\u010deli WAHO, katerega \u010dlan je tudi Slovenija. Pri izvajanju se upo\u0161tevajo vsa navodila in sklepi organov WAHO, ki so opredeljeni v Predpisih za vzpostavitev in vodenje rodovni\u0161ke knjige (Requirements for establishing and keeping a Stud book). Objavljeni so na spletni strani www.waho.org.<br>RP za pasmo arabski polnokrvni konj, je namenjen ohranjanju in izbolj\u0161anju lastnosti pasme ter ohranjanju genetske raznovrstnosti znotraj populacije.<\/p>\n\n\n\n<div data-wp-interactive=\"core\/file\" class=\"wp-block-file\"><object data-wp-bind--hidden=\"!state.hasPdfPreview\" hidden class=\"wp-block-file__embed\" data=\"https:\/\/www.zrlaks.com\/wp-content\/uploads\/2026\/02\/Rejski-program-arabski-polnokrvni-konj_kv_dec2025.pdf\" type=\"application\/pdf\" style=\"width:100%;height:600px\" aria-label=\"Embed of Rejski program arabski polnokrvni konj_kv_dec2025.\"><\/object><a id=\"wp-block-file--media-b50f3ecf-6201-4d2b-8509-aa602cf3ef5b\" href=\"https:\/\/www.zrlaks.com\/wp-content\/uploads\/2026\/02\/Rejski-program-arabski-polnokrvni-konj_kv_dec2025.pdf\">Rejski program arabski polnokrvni konj_kv_dec2025<\/a><a href=\"https:\/\/www.zrlaks.com\/wp-content\/uploads\/2026\/02\/Rejski-program-arabski-polnokrvni-konj_kv_dec2025.pdf\" class=\"wp-block-file__button wp-element-button\" download aria-describedby=\"wp-block-file--media-b50f3ecf-6201-4d2b-8509-aa602cf3ef5b\">Download<\/a><\/div>\n\n\n\n<p class=\"has-black-color has-cyan-bluish-gray-background-color has-text-color has-background has-link-color wp-elements-ce62a40486912731963dc585eacd72cb\">Rejski program za pasmo &#8211; ARABSKI KONJ<\/p>\n\n\n\n<p>Odobreni rejski program za pasmo arabski konj na podro\u010dju Slovenije izvaja pravna oseba<br>Zdru\u017eenje rejcev in ljubiteljev arabskih konj Slovenije (v nadaljevanju ZRLAKS) v skladu z<br>uredbo (EU) 2016\/1012-Uredba o reji \u017eivali in Uredbo o izvajanju uredbe EU o reji \u017eivali<br>(Uradni list \u0161t. 59\/18). ZRLAKS je pravna oseba v skladu z Zakonom o dru\u0161tvih, ki izvaja rejski program za pasmo arabski konj na celotnem obmo\u010dju Republike Slovenije.<\/p>\n\n\n\n<p>RP za pasmo arabski konj, je namenjen ohranjanju in izbolj\u0161anju lastnosti pasme ter<br>ohranjanju genetske raznovrstnosti znotraj populacije.<\/p>\n\n\n\n<div data-wp-interactive=\"core\/file\" class=\"wp-block-file\"><object data-wp-bind--hidden=\"!state.hasPdfPreview\" hidden class=\"wp-block-file__embed\" data=\"https:\/\/www.zrlaks.com\/wp-content\/uploads\/2026\/02\/Rejski-program-arabski-konj_kv_dec2025.pdf\" type=\"application\/pdf\" style=\"width:100%;height:600px\" aria-label=\"Embed of Rejski program arabski konj_kv_dec2025.\"><\/object><a id=\"wp-block-file--media-3c28936e-b314-471a-b06b-52a578d2f539\" href=\"https:\/\/www.zrlaks.com\/wp-content\/uploads\/2026\/02\/Rejski-program-arabski-konj_kv_dec2025.pdf\">Rejski program arabski konj_kv_dec2025<\/a><a href=\"https:\/\/www.zrlaks.com\/wp-content\/uploads\/2026\/02\/Rejski-program-arabski-konj_kv_dec2025.pdf\" class=\"wp-block-file__button wp-element-button\" download aria-describedby=\"wp-block-file--media-3c28936e-b314-471a-b06b-52a578d2f539\">Download<\/a><\/div>\n\n\n\n<p class=\"has-black-color has-cyan-bluish-gray-background-color has-text-color has-background has-link-color wp-elements-61f725aaeac144f174aac424cadbd33e\">Dodatna Navodila za izvajanje Rejskega programa<\/p>\n\n\n\n<div data-wp-interactive=\"core\/file\" class=\"wp-block-file\"><object data-wp-bind--hidden=\"!state.hasPdfPreview\" hidden class=\"wp-block-file__embed\" data=\"https:\/\/www.zrlaks.com\/wp-content\/uploads\/2026\/03\/Dodatna-navodila-za-izvajanje-RP-za-OX-pdf.pdf\" type=\"application\/pdf\" style=\"width:100%;height:600px\" aria-label=\"Embed of Dodatna navodila za izvajanje RP za OX - pdf.\"><\/object><a id=\"wp-block-file--media-7039174e-9f00-46de-a0ed-8f71d7ef84d1\" href=\"https:\/\/www.zrlaks.com\/wp-content\/uploads\/2026\/03\/Dodatna-navodila-za-izvajanje-RP-za-OX-pdf.pdf\">Dodatna navodila za izvajanje RP za OX &#8211; pdf<\/a><a href=\"https:\/\/www.zrlaks.com\/wp-content\/uploads\/2026\/03\/Dodatna-navodila-za-izvajanje-RP-za-OX-pdf.pdf\" class=\"wp-block-file__button wp-element-button\" download aria-describedby=\"wp-block-file--media-7039174e-9f00-46de-a0ed-8f71d7ef84d1\">Download<\/a><\/div>\n\n\n\n<p><\/p>\n","protected":false},"excerpt":{"rendered":"<p>Konec 2025 smo sprejeli dva rejska programa za pasmo POLNOKRNI ARABSKI KONJ in ARABSKI KONJ. Ve\u010d o omenjenih programih, si lahko preberete spodaj. Rejski program za pasmo &#8211; ARABSKI POLNOKRVNI KONJ Organizacija, ki vodi izvorno rodovni\u0161ko knjigo arabskih polnokrvnih konj se imenuje WAHO &#8211; The World Arabian Horse Organization, z naslovom v Newbarn Farmhouse, Forthampton,Glouchestershire,GL19 &hellip; <\/p>\n<p class=\"link-more\"><a href=\"https:\/\/www.zrlaks.com\/?page_id=671\" class=\"more-link\">Continue reading<span class=\"screen-reader-text\"> &#8220;REJSKI PROGRAM&#8221;<\/span><\/a><\/p>\n","protected":false},"author":1,"featured_media":0,"parent":0,"menu_order":0,"comment_status":"closed","ping_status":"closed","template":"","meta":{"footnotes":""},"class_list":["post-671","page","type-page","status-publish","hentry"],"_links":{"self":[{"href":"https:\/\/www.zrlaks.com\/index.php?rest_route=\/wp\/v2\/pages\/671","targetHints":{"allow":["GET"]}}],"collection":[{"href":"https:\/\/www.zrlaks.com\/index.php?rest_route=\/wp\/v2\/pages"}],"about":[{"href":"https:\/\/www.zrlaks.com\/index.php?rest_route=\/wp\/v2\/types\/page"}],"author":[{"embeddable":true,"href":"https:\/\/www.zrlaks.com\/index.php?rest_route=\/wp\/v2\/users\/1"}],"replies":[{"embeddable":true,"href":"https:\/\/www.zrlaks.com\/index.php?rest_route=%2Fwp%2Fv2%2Fcomments&post=671"}],"version-history":[{"count":13,"href":"https:\/\/www.zrlaks.com\/index.php?rest_route=\/wp\/v2\/pages\/671\/revisions"}],"predecessor-version":[{"id":750,"href":"https:\/\/www.zrlaks.com\/index.php?rest_route=\/wp\/v2\/pages\/671\/revisions\/750"}],"wp:attachment":[{"href":"https:\/\/www.zrlaks.com\/index.php?rest_route=%2Fwp%2Fv2%2Fmedia&parent=671"}],"curies":[{"name":"wp","href":"https:\/\/api.w.org\/{rel}","templated":true}]}}