{"id":12,"date":"2024-05-11T00:56:24","date_gmt":"2024-05-11T00:56:24","guid":{"rendered":"https:\/\/www.zrlaks.com\/?page_id=12"},"modified":"2026-03-01T20:20:13","modified_gmt":"2026-03-01T18:20:13","slug":"contact","status":"publish","type":"page","link":"https:\/\/www.zrlaks.com\/?page_id=12","title":{"rendered":"KONTAKT"},"content":{"rendered":"\n<p>Kontaktirate nas lahko na e-mail <a href=\"mailto:zrlaks.slo@gmail.com\">zrlaks.slo@gmail.com<\/a> ali preko na\u0161e <a href=\"https:\/\/www.facebook.com\/share\/sZbGV1iRkWzGbyhH\/?mibextid=K35XfP\">Facebook strani.<\/a><\/p>\n\n\n\n<p>ZRLAKS , Zdruzenje Rejcev in Ljubiteljev Arabskih Konj Slovenije<br>MAR\u0160I\u010cI 5<br>1310 RIBNICA, Slovenija<\/p>\n\n\n\n<p>TRR Podatki za nakazila: IBAN: SI56 6100 0001 7736 603<\/p>\n\n\n\n<p>Dav\u010dna \u0161tevilka : 58738835<\/p>\n\n\n\n<p>Mati\u010dna \u0161tevilka : 4100387000<\/p>\n\n\n<div class=\"wp-block-image\">\n<figure class=\"aligncenter size-full\"><img loading=\"lazy\" decoding=\"async\" width=\"427\" height=\"250\" src=\"https:\/\/www.zrlaks.com\/wp-content\/uploads\/2025\/06\/cropped-cropped-cropped-ZRLAKS-Logo_C7-2-scaled-3-1.webp\" alt=\"\" class=\"wp-image-620\" srcset=\"https:\/\/www.zrlaks.com\/wp-content\/uploads\/2025\/06\/cropped-cropped-cropped-ZRLAKS-Logo_C7-2-scaled-3-1.webp 427w, https:\/\/www.zrlaks.com\/wp-content\/uploads\/2025\/06\/cropped-cropped-cropped-ZRLAKS-Logo_C7-2-scaled-3-1-300x176.webp 300w\" sizes=\"auto, (max-width: 427px) 100vw, 427px\" \/><\/figure>\n<\/div>","protected":false},"excerpt":{"rendered":"<p>Kontaktirate nas lahko na e-mail zrlaks.slo@gmail.com ali preko na\u0161e Facebook strani. ZRLAKS , Zdruzenje Rejcev in Ljubiteljev Arabskih Konj SlovenijeMAR\u0160I\u010cI 51310 RIBNICA, Slovenija TRR Podatki za nakazila: IBAN: SI56 6100 0001 7736 603 Dav\u010dna \u0161tevilka : 58738835 Mati\u010dna \u0161tevilka : 4100387000<\/p>\n","protected":false},"author":1,"featured_media":0,"parent":0,"menu_order":0,"comment_status":"closed","ping_status":"closed","template":"","meta":{"footnotes":""},"class_list":["post-12","page","type-page","status-publish","hentry"],"_links":{"self":[{"href":"https:\/\/www.zrlaks.com\/index.php?rest_route=\/wp\/v2\/pages\/12","targetHints":{"allow":["GET"]}}],"collection":[{"href":"https:\/\/www.zrlaks.com\/index.php?rest_route=\/wp\/v2\/pages"}],"about":[{"href":"https:\/\/www.zrlaks.com\/index.php?rest_route=\/wp\/v2\/types\/page"}],"author":[{"embeddable":true,"href":"https:\/\/www.zrlaks.com\/index.php?rest_route=\/wp\/v2\/users\/1"}],"replies":[{"embeddable":true,"href":"https:\/\/www.zrlaks.com\/index.php?rest_route=%2Fwp%2Fv2%2Fcomments&post=12"}],"version-history":[{"count":13,"href":"https:\/\/www.zrlaks.com\/index.php?rest_route=\/wp\/v2\/pages\/12\/revisions"}],"predecessor-version":[{"id":724,"href":"https:\/\/www.zrlaks.com\/index.php?rest_route=\/wp\/v2\/pages\/12\/revisions\/724"}],"wp:attachment":[{"href":"https:\/\/www.zrlaks.com\/index.php?rest_route=%2Fwp%2Fv2%2Fmedia&parent=12"}],"curies":[{"name":"wp","href":"https:\/\/api.w.org\/{rel}","templated":true}]}}