{"id":11,"date":"2024-05-11T00:56:24","date_gmt":"2024-05-11T00:56:24","guid":{"rendered":"https:\/\/www.zrlaks.com\/?page_id=11"},"modified":"2026-02-16T22:13:37","modified_gmt":"2026-02-16T20:13:37","slug":"about","status":"publish","type":"page","link":"https:\/\/www.zrlaks.com\/?page_id=11","title":{"rendered":"O Nas"},"content":{"rendered":"\n<p>Predstavitev zdru\u017eenja rejcev in ljubiteljev arabskega konja ( ZRLAKS)<\/p>\n\n\n\n<p>V zdru\u017eenju smo prostovoljno, samostojno in nepridobitno organizirani rejci in ljubitelji konj arabskih pasem, zdru\u017eeni zaradi rejskih interesov in v skupnem prizadevanju za popularizacijo konj arabskih pasem uporabnih za delo, \u0161port in rekreacijo ter namene turisti\u010dne ponudbe.<br>Zdru\u017eenje poleg svojih splo\u0161nih dru\u0161tvenih nalog spodbuja organizirano rejo konj arabskih pasem, izvaja izobra\u017eevanje \u010dlanov na podro\u010dju konjereje, kmetijstva, veterinarstva in s tem uvaja sodobne metode strokovnega dela rejcev in drugih \u010dlanov na podro\u010dju konjereje. Obenem vzpostavlja in razvija stike z drugimi strokovnimi organizacijami in zdru\u017eenji doma in v tujini, nevladnimi organizacijami ter ostalo zainteresirano javnostjo v okviru podro\u010dja svojega delovanja. Zdru\u017eenje se zdru\u017euje v zveze in druge oblike zdru\u017eevanja doma in v tujini skladno z veljavnimi predpisi. S svojim delovanjem prispeva tudi k ohranjanju in negovanju kulturne krajine in prepre\u010devanju zara\u0161\u010danja, pozitivni vzgoji \u010dlanov, mladine in odraslih v odnosu do \u017eivali in narave nasploh<\/p>\n\n\n\n<p>V skladu z novim Statutom zdru\u017eenja smo na Ob\u010dnem zboru, 3.10.2025 izvolili tudi nove organe:<\/p>\n\n\n\n<p>Predsednica: Barbara Boben<\/p>\n\n\n\n<p>Podpredsednica: Ur\u0161a Pirnat<\/p>\n\n\n\n<p>Ostali \u010dlani upravnega odbora: Nina Cirar, Iris Fink Gruba\u010devi\u0107, Jure Gruba\u010devi\u0107, Jaka \u0160tremfelj, An\u017ee Grum, Dominika Kodra, Polona Pu\u0161avec, Nata\u0161a Gori\u0161ek (strokovni vodja &#8211; \u010dlan po funkciji)<\/p>\n\n\n\n<p>Strokovni svet: Barbara Boben (predsednica SS), Nata\u0161a Gori\u0161ek (strokovni vodja), Klemen Turk (predstavnik pogodbenega izvajalca strokovnih nalog), Gregor Pintar, Dominika Kodra<\/p>\n\n\n\n<p>Nadzorni odbor: Monika Kocuvan, An\u017ee Levstek, Petra \u0160mid<\/p>\n\n\n\n<p>Disciplinska komisija: Jure Gruba\u010devi\u0107, Jaka \u0160tremfelj, Monika Kocuvan<\/p>\n\n\n\n<p>Blagajnik: Iris Fink Gruba\u010devi\u0107<\/p>\n\n\n\n<p class=\"has-black-color has-pale-cyan-blue-background-color has-text-color has-background has-link-color wp-elements-c6ff89801544cd67df18ff3f22177d65\"><strong>\u010cLANSTVO ZRLAKS<\/strong><\/p>\n\n\n\n<p>\u010clan Zdru\u017eenja lahko postane vsaka fizi\u010dna oseba, ki je rejec, lastnik ali ljubitelj \u017eivali<br>pasme arabski konj in ima interes aktivno sodelovati pri izvajanju RP. <\/p>\n\n\n\n<ul class=\"wp-block-list\">\n<li><strong>\u010clanarina za leto 2026 zna\u0161a 30,00\u20ac<\/strong><\/li>\n<\/ul>\n\n\n\n<p><strong>\u010clan izpolni pristopno izjavo<\/strong>, s katero se zave\u017ee k spo\u0161tovanju pravil RP, jo po\u0161lje na e-naslov zdru\u017eenja (<strong>zrlaks.slo@gmail.com<\/strong>) in pla\u010da \u010dlanarino do 31. marca v teko\u010dem letu.<br>Zanje veljajo vse pravice in ugodnosti iz RP in statuta Zdru\u017eenja. <\/p>\n\n\n\n<p>Po prejemu pristopne izjave, vam posredujemo podatke za pla\u010dilo \u010dlanarine na va\u0161 mail. <\/p>\n\n\n\n<p><br>\u010clan dru\u0161tva je lahko vsaka fizi\u010dna oseba, tudi mladoletna. Za osebe, stare od<br>dopolnjenega sedmega do dopolnjenega petnajstega leta, poda pristopno izjavo<br>oziroma pisno soglasje k \u010dlanstvu njihov zakoniti zastopnik, v skladu z dolo\u010dbami<br>Zakona o dru\u0161tvih.<br>Zdru\u017eenje se je zavzelo, da s pla\u010dano \u010dlanarino pridobite tudi naslednje ugodnosti:<\/p>\n\n\n\n<ul class=\"wp-block-list\">\n<li>finan\u010dne ugodnosti pri dogodkih,<\/li>\n\n\n\n<li>ugodnosti pri izdelavi ID-ja (45,34\u20ac cena za ne\u010dlane \/ 24,66\u20ac cena za \u010dlane ZRLAKS),<\/li>\n\n\n\n<li>ugodnost pri vpisu kobile med plemenske kobile (66,60\u20ac za ne\u010dlane \/ brezpla\u010dno za \u010dlane<br>ZRLAKS),<\/li>\n\n\n\n<li>pomo\u010d \u010dlanom pri urejanju dokumentacije.<\/li>\n<\/ul>\n\n\n\n<div data-wp-interactive=\"core\/file\" class=\"wp-block-file\"><object data-wp-bind--hidden=\"!state.hasPdfPreview\" hidden class=\"wp-block-file__embed\" data=\"https:\/\/www.zrlaks.com\/wp-content\/uploads\/2026\/02\/Pristopna-izjava_ZRLAKS_RP_2026_kv.pdf\" type=\"application\/pdf\" style=\"width:100%;height:600px\" aria-label=\"Embed of Pristopna izjava_ZRLAKS_RP_2026_kv.\"><\/object><a id=\"wp-block-file--media-eb693969-adee-4b2f-8bbb-3fa3e41c6918\" href=\"https:\/\/www.zrlaks.com\/wp-content\/uploads\/2026\/02\/Pristopna-izjava_ZRLAKS_RP_2026_kv.pdf\">Pristopna izjava_ZRLAKS_RP_2026_kv<\/a><a href=\"https:\/\/www.zrlaks.com\/wp-content\/uploads\/2026\/02\/Pristopna-izjava_ZRLAKS_RP_2026_kv.pdf\" class=\"wp-block-file__button wp-element-button\" download aria-describedby=\"wp-block-file--media-eb693969-adee-4b2f-8bbb-3fa3e41c6918\">Download<\/a><\/div>\n\n\n\n<p><\/p>\n\n\n\n<p><strong>Rejci, ki niso \u010dlani Zdru\u017eenja<\/strong><br>Zanje Zdru\u017eenje ZRLAKS izvaja vse storitve, predpisane z RP, ob pogoju, da njihove \u017eivali<br>izpolnjujejo kriterije iz RP, in da so s pristopno izjavo pristopili k njegovemu izvajanju.<br>Ti rejci enakopravno sodelujejo pri izvajanju RP, imajo pravico sodelovati pri delu<br>organov Zdru\u017eenja, ki se nana\u0161ajo na izvajane RP, nimajo pa glasovalne pravice,<br>pravice biti izvoljeni v organe Zdru\u017eenja in ostalih pravic, ki izvirajo iz \u010dlanstva v<br>Zdru\u017eenju.<\/p>\n\n\n\n<p><br>Zdru\u017eenje tem rejcem:<\/p>\n\n\n\n<ul class=\"wp-block-list\">\n<li>zagotavlja vpis njihovih \u017eivali v RK, \u010de to zahtevajo in \u010de so izpolnjeni pogoji iz<br>RP,<\/li>\n\n\n\n<li>omogo\u010da v\u010dlanitev v Zdru\u017eenje pod enakimi pogoji,<\/li>\n\n\n\n<li>za storitve, ki so vklju\u010dene v skupnega temeljnega rejskega programa (v<br>nadaljevanju STRP), omogo\u010da kori\u0161\u010denje teh storitev pod enakimi pogoji kot<br>za \u010dlane Zdru\u017eenja,<\/li>\n\n\n\n<li>za storitve, ki niso vklju\u010dene v STRP, Zdru\u017eenje rejcem, ki so vklju\u010dili svoje<br>\u017eivali v RP Zdru\u017eenja in niso \u010dlani Zdru\u017eenja, zara\u010duna pristojbino v skladu s<br>cenikom Zdru\u017eenja.<br><\/li>\n<\/ul>\n\n\n\n<p>\u010clanstvo v RP preneha<\/p>\n\n\n\n<ul class=\"wp-block-list\">\n<li>\u010de rejec izstopi iz RP s pisno izstopno izjavo<\/li>\n\n\n\n<li>\u010de v 24 neprekinjenih mesecih ne redi niti ene \u017eivali pasme, za katero je<br>pristopil v RP.<\/li>\n<\/ul>\n\n\n\n<p><\/p>\n\n\n\n<p><\/p>\n\n\n\n<p><\/p>\n","protected":false},"excerpt":{"rendered":"<p>Predstavitev zdru\u017eenja rejcev in ljubiteljev arabskega konja ( ZRLAKS) V zdru\u017eenju smo prostovoljno, samostojno in nepridobitno organizirani rejci in ljubitelji konj arabskih pasem, zdru\u017eeni zaradi rejskih interesov in v skupnem prizadevanju za popularizacijo konj arabskih pasem uporabnih za delo, \u0161port in rekreacijo ter namene turisti\u010dne ponudbe.Zdru\u017eenje poleg svojih splo\u0161nih dru\u0161tvenih nalog spodbuja organizirano rejo konj &hellip; <\/p>\n<p class=\"link-more\"><a href=\"https:\/\/www.zrlaks.com\/?page_id=11\" class=\"more-link\">Continue reading<span class=\"screen-reader-text\"> &#8220;O Nas&#8221;<\/span><\/a><\/p>\n","protected":false},"author":1,"featured_media":303,"parent":0,"menu_order":0,"comment_status":"closed","ping_status":"closed","template":"","meta":{"footnotes":""},"class_list":["post-11","page","type-page","status-publish","has-post-thumbnail","hentry"],"_links":{"self":[{"href":"https:\/\/www.zrlaks.com\/index.php?rest_route=\/wp\/v2\/pages\/11","targetHints":{"allow":["GET"]}}],"collection":[{"href":"https:\/\/www.zrlaks.com\/index.php?rest_route=\/wp\/v2\/pages"}],"about":[{"href":"https:\/\/www.zrlaks.com\/index.php?rest_route=\/wp\/v2\/types\/page"}],"author":[{"embeddable":true,"href":"https:\/\/www.zrlaks.com\/index.php?rest_route=\/wp\/v2\/users\/1"}],"replies":[{"embeddable":true,"href":"https:\/\/www.zrlaks.com\/index.php?rest_route=%2Fwp%2Fv2%2Fcomments&post=11"}],"version-history":[{"count":30,"href":"https:\/\/www.zrlaks.com\/index.php?rest_route=\/wp\/v2\/pages\/11\/revisions"}],"predecessor-version":[{"id":590,"href":"https:\/\/www.zrlaks.com\/index.php?rest_route=\/wp\/v2\/pages\/11\/revisions\/590"}],"wp:featuredmedia":[{"embeddable":true,"href":"https:\/\/www.zrlaks.com\/index.php?rest_route=\/wp\/v2\/media\/303"}],"wp:attachment":[{"href":"https:\/\/www.zrlaks.com\/index.php?rest_route=%2Fwp%2Fv2%2Fmedia&parent=11"}],"curies":[{"name":"wp","href":"https:\/\/api.w.org\/{rel}","templated":true}]}}